{"id":2,"date":"2021-12-22T10:10:18","date_gmt":"2021-12-22T10:10:18","guid":{"rendered":"https:\/\/www.cmupedralbes.es\/next\/?page_id=2"},"modified":"2022-02-04T11:55:18","modified_gmt":"2022-02-04T11:55:18","slug":"objetivos","status":"publish","type":"page","link":"https:\/\/www.cmupedralbes.es\/next\/","title":{"rendered":"Objetivos"},"content":{"rendered":"\t\t<div data-elementor-type=\"wp-page\" data-elementor-id=\"2\" class=\"elementor elementor-2\" data-elementor-settings=\"[]\">\n\t\t\t\t\t\t\t<div class=\"elementor-section-wrap\">\n\t\t\t\t\t\t\t<section class=\"elementor-section elementor-top-section elementor-element elementor-element-5693b21 elementor-section-full_width elementor-section-height-min-height elementor-section-items-stretch elementor-section-stretched elementor-section-height-default\" data-id=\"5693b21\" data-element_type=\"section\" data-settings=\"{&quot;background_background&quot;:&quot;classic&quot;,&quot;stretch_section&quot;:&quot;section-stretched&quot;}\">\n\t\t\t\t\t\t<div class=\"elementor-container elementor-column-gap-wider\">\n\t\t\t\t\t<div class=\"elementor-column elementor-col-50 elementor-top-column elementor-element elementor-element-3190cf1\" data-id=\"3190cf1\" data-element_type=\"column\">\n\t\t\t<div class=\"elementor-widget-wrap elementor-element-populated\">\n\t\t\t\t\t\t\t\t<div class=\"elementor-element elementor-element-08cdbba elementor-widget elementor-widget-image\" data-id=\"08cdbba\" data-element_type=\"widget\" data-widget_type=\"image.default\">\n\t\t\t\t<div class=\"elementor-widget-container\">\n\t\t\t<style>\/*! elementor - v3.5.1 - 20-12-2021 *\/\n.elementor-widget-image{text-align:center}.elementor-widget-image a{display:inline-block}.elementor-widget-image a img[src$=\".svg\"]{width:48px}.elementor-widget-image img{vertical-align:middle;display:inline-block}<\/style>\t\t\t\t\t\t\t\t\t\t\t\t<img loading=\"lazy\" decoding=\"async\" width=\"800\" height=\"734\" src=\"https:\/\/www.cmupedralbes.es\/next\/wp-content\/uploads\/2021\/12\/N-portada-1024x939.png\" class=\"attachment-large size-large\" alt=\"\" srcset=\"https:\/\/www.cmupedralbes.es\/next\/wp-content\/uploads\/2021\/12\/N-portada-1024x939.png 1024w, https:\/\/www.cmupedralbes.es\/next\/wp-content\/uploads\/2021\/12\/N-portada-300x275.png 300w, https:\/\/www.cmupedralbes.es\/next\/wp-content\/uploads\/2021\/12\/N-portada-768x704.png 768w, https:\/\/www.cmupedralbes.es\/next\/wp-content\/uploads\/2021\/12\/N-portada.png 1081w\" sizes=\"auto, (max-width: 800px) 100vw, 800px\" \/>\t\t\t\t\t\t\t\t\t\t\t\t\t\t\t<\/div>\n\t\t\t\t<\/div>\n\t\t\t\t\t<\/div>\n\t\t<\/div>\n\t\t\t\t<div class=\"elementor-column elementor-col-50 elementor-top-column elementor-element elementor-element-8651b1e\" data-id=\"8651b1e\" data-element_type=\"column\">\n\t\t\t<div class=\"elementor-widget-wrap elementor-element-populated\">\n\t\t\t\t\t\t\t\t<section class=\"elementor-section elementor-inner-section elementor-element elementor-element-bfc68ac elementor-section-boxed elementor-section-height-default elementor-section-height-default\" data-id=\"bfc68ac\" data-element_type=\"section\">\n\t\t\t\t\t\t<div class=\"elementor-container elementor-column-gap-default\">\n\t\t\t\t\t<div class=\"elementor-column elementor-col-100 elementor-inner-column elementor-element elementor-element-72b376e\" data-id=\"72b376e\" data-element_type=\"column\">\n\t\t\t<div class=\"elementor-widget-wrap elementor-element-populated\">\n\t\t\t\t\t\t\t\t<div class=\"elementor-element elementor-element-e0923a8 elementor-widget elementor-widget-heading\" data-id=\"e0923a8\" data-element_type=\"widget\" data-widget_type=\"heading.default\">\n\t\t\t\t<div class=\"elementor-widget-container\">\n\t\t\t<style>\/*! elementor - v3.5.1 - 20-12-2021 *\/\n.elementor-heading-title{padding:0;margin:0;line-height:1}.elementor-widget-heading .elementor-heading-title[class*=elementor-size-]>a{color:inherit;font-size:inherit;line-height:inherit}.elementor-widget-heading .elementor-heading-title.elementor-size-small{font-size:15px}.elementor-widget-heading .elementor-heading-title.elementor-size-medium{font-size:19px}.elementor-widget-heading .elementor-heading-title.elementor-size-large{font-size:29px}.elementor-widget-heading .elementor-heading-title.elementor-size-xl{font-size:39px}.elementor-widget-heading .elementor-heading-title.elementor-size-xxl{font-size:59px}<\/style><h2 class=\"elementor-heading-title elementor-size-default\">\u00bfD\u00d3NDE TE VES EN LOS PR\u00d3XIMOS 4 A\u00d1OS?<\/h2>\t\t<\/div>\n\t\t\t\t<\/div>\n\t\t\t\t<div class=\"elementor-element elementor-element-abbf0bf elementor-widget elementor-widget-text-editor\" data-id=\"abbf0bf\" data-element_type=\"widget\" data-widget_type=\"text-editor.default\">\n\t\t\t\t<div class=\"elementor-widget-container\">\n\t\t\t<style>\/*! elementor - v3.5.1 - 20-12-2021 *\/\n.elementor-widget-text-editor.elementor-drop-cap-view-stacked .elementor-drop-cap{background-color:#818a91;color:#fff}.elementor-widget-text-editor.elementor-drop-cap-view-framed .elementor-drop-cap{color:#818a91;border:3px solid;background-color:transparent}.elementor-widget-text-editor:not(.elementor-drop-cap-view-default) .elementor-drop-cap{margin-top:8px}.elementor-widget-text-editor:not(.elementor-drop-cap-view-default) .elementor-drop-cap-letter{width:1em;height:1em}.elementor-widget-text-editor .elementor-drop-cap{float:left;text-align:center;line-height:1;font-size:50px}.elementor-widget-text-editor .elementor-drop-cap-letter{display:inline-block}<\/style>\t\t\t\t<p>Los siguientes cuatro a\u00f1o de tu carrera profesional ser\u00e1n claves para el desarrollo de tu personalidad y tu carrera. Lo que hagas durante este tiempo definir\u00e1 tu yo del futuro. Decide ahora.<\/p>\t\t\t\t\t\t<\/div>\n\t\t\t\t<\/div>\n\t\t\t\t<div class=\"elementor-element elementor-element-eb70b71 elementor-widget elementor-widget-shortcode\" data-id=\"eb70b71\" data-element_type=\"widget\" data-widget_type=\"shortcode.default\">\n\t\t\t\t<div class=\"elementor-widget-container\">\n\t\t\t\t\t<div class=\"elementor-shortcode\"><div class=\"frm_forms  with_frm_style frm_style_estilos-formidable\" id=\"frm_form_2_container\" data-token=\"49d3aa35f8ce0d4562139656a417dbea\">\n<form enctype=\"multipart\/form-data\" method=\"post\" class=\"frm-show-form  frm_pro_form \" id=\"form_pedralbes\"  data-token=\"49d3aa35f8ce0d4562139656a417dbea\">\n<div class=\"frm_form_fields  frm_page_num_1\">\n<fieldset>\n<legend class=\"frm_screen_reader\">PEDRALBES<\/legend>\r\n\r\n<div class=\"frm_fields_container\">\n<input type=\"hidden\" name=\"frm_action\" value=\"create\" \/>\n<input type=\"hidden\" name=\"form_id\" value=\"2\" \/>\n<input type=\"hidden\" name=\"frm_hide_fields_2\" id=\"frm_hide_fields_2\" value=\"\" \/>\n<input type=\"hidden\" name=\"form_key\" value=\"pedralbes\" \/>\n<input type=\"hidden\" name=\"item_meta[0]\" value=\"\" \/>\n<input type=\"hidden\" id=\"frm_submit_entry_2\" name=\"frm_submit_entry_2\" value=\"9aa1eb83f6\" \/><input type=\"hidden\" name=\"_wp_http_referer\" value=\"\/next\/wp-json\/wp\/v2\/pages\/2\" \/><div id=\"frm_field_6_container\" class=\"frm_form_field frm_section_heading form-field  frm_hide_section\">\r\n<h3 class=\"frm_pos_none frm_section_spacing\">Repetidor<\/h3>\r\n\r\n<input type=\"hidden\" name=\"item_meta[6][form]\" value=\"3\" class=\"frm_dnc\" \/>\n\t\t\t<div id=\"frm_section_6-0\" class=\"frm_repeat_sec frm_repeat_6 frm_first_repeat frm_grid_container\">\n<input type=\"hidden\" name=\"item_meta[6][row_ids][]\" value=\"0\" \/><input type=\"hidden\" name=\"item_meta[6][0][0]\" value=\"\" \/><div id=\"frm_field_8-6-0_container\" class=\"frm_form_field form-field  frm_none_container frm10 frm_field_8_container\">\r\n    <label for=\"field_btbip-0\" id=\"field_btbip-0_label\" class=\"frm_primary_label\">Objetivo\r\n        <span class=\"frm_required\" aria-hidden=\"true\"><\/span>\r\n    <\/label>\r\n    <input type=\"text\" id=\"field_btbip-0\" name=\"item_meta[6][0][8]\" value=\"\"  data-sectionid=\"6\" data-invmsg=\"Texto no es v\u00e1lido\" aria-invalid=\"false\"  \/>\r\n    \r\n    \r\n<\/div>\n<div class=\"frm_form_field frm_top_container frm_repeat_buttons frm_sixth\"><a href=\"#\" class=\"frm_add_form_row frm_icon_font frm_plus_icon\" data-parent=\"6\" aria-label=\"Add\"><\/a>\n<a href=\"#\" class=\"frm_remove_form_row frm_icon_font frm_minus_icon\" data-key=\"0\" data-parent=\"6\" aria-label=\"Eliminar\"><\/a> <\/div><\/div>\n\r\n<\/div>\n<input type=\"hidden\" name=\"frm_page_order_2\" id=\"frm_page_order_2\" value=\"7\" \/><input type=\"hidden\" name=\"item_meta[13]\" id=\"field_ntsez\" value=\"\"  data-reqmsg=\"Este campo no puede estar en blanco.\" aria-required=\"true\" data-invmsg=\"Correo electr\u00f3nico no es v\u00e1lido\"   \/>\n\t<input type=\"hidden\" name=\"item_key\" value=\"\" \/>\n\t\t\t\t<div class=\"frm_verify\" aria-hidden=\"true\">\n\t\t\t\t<label for=\"frm_email_2\">\n\t\t\t\t\tSi eres humano, deja este campo en blanco.\t\t\t\t<\/label>\n\t\t\t\t<input type=\"text\" class=\"frm_verify\" id=\"frm_email_2\" name=\"frm_verify\" value=\"\"  \/>\n\t\t\t<\/div>\n\t\t<input name=\"frm_state\" type=\"hidden\" value=\"vF2g4QU3QI6d9tBFZaP1wSoW0xTvpM39SJvFqz5bHkI=\" \/><div class=\"frm_submit\">\r\n\r\n<button class=\"frm_button_submit\" type=\"submit\"  >Siguientes<\/button>\r\n\r\n<\/div><\/div>\n<\/fieldset>\n<\/div>\n<\/form>\n<\/div>\n<\/div>\n\t\t\t\t<\/div>\n\t\t\t\t<\/div>\n\t\t\t\t\t<\/div>\n\t\t<\/div>\n\t\t\t\t\t\t\t<\/div>\n\t\t<\/section>\n\t\t\t\t<div class=\"elementor-element elementor-element-f51c25d elementor-widget elementor-widget-spacer\" data-id=\"f51c25d\" data-element_type=\"widget\" data-widget_type=\"spacer.default\">\n\t\t\t\t<div class=\"elementor-widget-container\">\n\t\t\t\t\t<div class=\"elementor-spacer\">\n\t\t\t<div class=\"elementor-spacer-inner\"><\/div>\n\t\t<\/div>\n\t\t\t\t<\/div>\n\t\t\t\t<\/div>\n\t\t\t\t<div class=\"elementor-element elementor-element-1974bbc elementor-widget elementor-widget-heading\" data-id=\"1974bbc\" data-element_type=\"widget\" data-widget_type=\"heading.default\">\n\t\t\t\t<div class=\"elementor-widget-container\">\n\t\t\t<p class=\"elementor-heading-title elementor-size-default\"><a href=\"https:\/\/www.cmupedralbes.es\/next\/home\">Saltar ><\/a><\/p>\t\t<\/div>\n\t\t\t\t<\/div>\n\t\t\t\t\t<\/div>\n\t\t<\/div>\n\t\t\t\t\t\t\t<\/div>\n\t\t<\/section>\n\t\t\t\t\t\t<\/div>\n\t\t\t\t\t<\/div>\n\t\t","protected":false},"excerpt":{"rendered":"<p>\u00bfD\u00d3NDE TE VES EN LOS PR\u00d3XIMOS 4 A\u00d1OS? Los siguientes cuatro a\u00f1o de tu carrera profesional ser\u00e1n claves para el desarrollo de tu personalidad y tu carrera. Lo que hagas durante este tiempo definir\u00e1 tu yo del futuro. Decide ahora. Saltar ><\/p>\n","protected":false},"author":1,"featured_media":0,"parent":0,"menu_order":0,"comment_status":"closed","ping_status":"closed","template":"elementor_canvas","meta":{"footnotes":""},"class_list":["post-2","page","type-page","status-publish","hentry"],"_links":{"self":[{"href":"https:\/\/www.cmupedralbes.es\/next\/wp-json\/wp\/v2\/pages\/2","targetHints":{"allow":["GET"]}}],"collection":[{"href":"https:\/\/www.cmupedralbes.es\/next\/wp-json\/wp\/v2\/pages"}],"about":[{"href":"https:\/\/www.cmupedralbes.es\/next\/wp-json\/wp\/v2\/types\/page"}],"author":[{"embeddable":true,"href":"https:\/\/www.cmupedralbes.es\/next\/wp-json\/wp\/v2\/users\/1"}],"replies":[{"embeddable":true,"href":"https:\/\/www.cmupedralbes.es\/next\/wp-json\/wp\/v2\/comments?post=2"}],"version-history":[{"count":56,"href":"https:\/\/www.cmupedralbes.es\/next\/wp-json\/wp\/v2\/pages\/2\/revisions"}],"predecessor-version":[{"id":351,"href":"https:\/\/www.cmupedralbes.es\/next\/wp-json\/wp\/v2\/pages\/2\/revisions\/351"}],"wp:attachment":[{"href":"https:\/\/www.cmupedralbes.es\/next\/wp-json\/wp\/v2\/media?parent=2"}],"curies":[{"name":"wp","href":"https:\/\/api.w.org\/{rel}","templated":true}]}}